{"id":3575,"date":"2021-01-14T15:10:54","date_gmt":"2021-01-14T15:10:54","guid":{"rendered":"https:\/\/gpsites.co\/realtor\/?page_id=3575"},"modified":"2024-02-01T07:54:10","modified_gmt":"2024-02-01T07:54:10","slug":"home","status":"publish","type":"page","link":"https:\/\/pawel-michalski.com\/","title":{"rendered":"Home"},"content":{"rendered":"<div class=\"gb-container gb-container-3ebf944a\">\n<div class=\"gb-container gb-container-5c41fe78\">\n\n<div class=\"wp-block-columns is-layout-flex wp-container-core-columns-is-layout-9d6595d7 wp-block-columns-is-layout-flex\">\n<div class=\"wp-block-column is-layout-flow wp-block-column-is-layout-flow\"><div class=\"gb-container gb-container-c9c2498d\">\n\n<h1 class=\"wp-block-heading has-base-3-color has-text-color\" style=\"text-transform:capitalize\">UWAGA OSZUST!!!<\/h1>\n\n\n\n<h3 class=\"wp-block-heading has-base-3-color has-text-color has-link-color wp-elements-177f030f116aa7673094d91418dbbbd4\">Na zdj\u0119ciu jest Pawe\u0142 Michalski, kt\u00f3ry jest oszustem i z\u0142odziejem.&nbsp;<\/h3>\n\n\n\n<h3 class=\"wp-block-heading has-base-3-color has-text-color has-link-color wp-elements-930ba9efc1256f3a73c99b43567fea36\">Ostrzegam!!! Nie wierz w to co m\u00f3wi, nie dawaj mu zaliczek!!&nbsp;<\/h3>\n\n\n\n<h3 class=\"wp-block-heading has-base-3-color has-text-color has-link-color wp-elements-3439fb90e4f4530967d7b785edb9aacb\">Michalski oszuka\u0142 mnie i wiele innych os\u00f3b.<\/h3>\n\n\n\n<h2 class=\"wp-block-heading has-base-3-color has-text-color has-link-color wp-elements-51c6a446d7b13ee25125d9a4b981cd91\">Link do posta na<\/h2>\n\n\n\n<h3 class=\"wp-block-heading\"><a href=\"https:\/\/www.facebook.com\/groups\/545742159338207\/permalink\/1341067943138954\/\" data-type=\"link\" data-id=\"https:\/\/www.facebook.com\/groups\/545742159338207\/permalink\/1341067943138954\/\">Facebook<\/a><\/h3>\n\n\n\n<h4 class=\"wp-block-heading has-base-color has-text-color has-link-color wp-elements-2aa0281228699dfd5b17d13db9dc8ee3\">Obecnie spraw\u0119 przeciwko niemu prowadzi Prokuratura Rejonowa Warszawa Ursyn\u00f3w, Nowowiejska 26B, 02-010 Warszawa.&nbsp;<\/h4>\n\n\n\n<h4 class=\"wp-block-heading has-base-color has-text-color has-link-color wp-elements-bde9b0dc44c51ed51f6b0fb5afb68c31\">Je\u015bli zosta\u0142e\u015b oszukany napisz na powy\u017cszy adres powo\u0142uj\u0105c si\u0119 na numer post\u0119powania zbiorczego 4315-13.Ds.1519.2023.&nbsp;<\/h4>\n\n\n\n<h4 class=\"wp-block-heading has-accent-color has-text-color has-link-color wp-elements-62046071bfb596f227a388c69701e3d1\">Oszust cz\u0119sto do Klient\u00f3w przyje\u017cd\u017ca z 19 letnim synem, Szymonem Michalskim, co jeszcze bardziej go uwiarygadnia, ale niestety syn dzia\u0142a z nim w zmowie.&nbsp;<\/h4>\n\n\n\n<h3 class=\"wp-block-heading\"><a href=\"https:\/\/szymonmichalski.com\/\" data-type=\"link\" data-id=\"https:\/\/szymonmichalski.com\/\"><strong>SzymonMichalski.com<\/strong><\/a><\/h3>\n\n\n\n<h4 class=\"wp-block-heading has-accent-color has-text-color has-link-color wp-elements-342b2cc0ba9509e280797f8f7f51c867\">Oto link do artyku\u0142u o Michalskim w Newsweek &nbsp;<\/h4>\n\n\n\n<h3 class=\"wp-block-heading\"><a href=\"https:\/\/www.newsweek.pl\/polska\/spoleczenstwo\/oszust-z-tindera-to-najbardziej-perfidne-ofiar-przybywa\/c61bvf4\" data-type=\"link\" data-id=\"https:\/\/www.newsweek.pl\/polska\/spoleczenstwo\/oszust-z-tindera-to-najbardziej-perfidne-ofiar-przybywa\/c61bvf4\">Newsweek<\/a><\/h3>\n\n\n\n<p class=\"has-accent-color has-text-color has-link-color wp-elements-89db6369ce9419f223fbb67d8a64f295\">Metoda dzia\u0142ania Michalskiego:&nbsp;<\/p>\n\n\n\n<p class=\"has-base-color has-text-color has-link-color wp-elements-f46ba069f577cfb4292cd09b3746ff50\">\u2022 Ma kr\u00f3tkie terminy realizacji. S\u0142u\u017cy fachow\u0105 rad\u0105. Potrafi zrobi\u0107 niemal \u2018wszystko\u2019 i wsz\u0119dzie ma rabaty lub znajomo\u015bci.&nbsp;<\/p>\n\n\n\n<p class=\"has-base-color has-text-color has-link-color wp-elements-143b95349e8ea2d4ad4eb447ba87ea12\">\u2022 Pobiera zaliczki, potem wysy\u0142a fikcyjne zdj\u0119cia, wideo jak robi zam\u00f3wienie, czasem sk\u0142ada nawet kilka korpus\u00f3w szafek.<\/p>\n\n\n\n<p class=\"has-base-color has-text-color has-link-color wp-elements-6d7672a9b652927d3cddcd1803cd59f4\">\u2022 Oferuje tani sprz\u0119t AGD w EUROAGDRTV<\/p>\n\n\n\n<p class=\"has-base-color has-text-color has-link-color wp-elements-ac83391220735d01ce6943bc7a013641\">\u2022 Jak si\u0119 uwiarygodni to potem pobiera jeszcze wi\u0119ksze zaliczki<\/p>\n\n\n\n<p class=\"has-base-color has-text-color has-link-color wp-elements-079d54d38301eb93d5b591997ad35cb3\">\u2022 I kontakt zaczyna by\u0107 z nim utrudniony. Przek\u0142ada terminy, mataczy a\u017c w ko\u0144cu zmienia telefon i znika.&nbsp;<\/p>\n\n\n\n<p class=\"has-base-color has-text-color has-link-color wp-elements-a6b73216cd78f4073a619f0345d16f37\">\u2022 Umie \u015bwietnie bajerowa\u0107, wydaje si\u0119 by\u0107 profesjonalny, zna fachowe s\u0142ownictwo, podaje fikcyjne referencje, pokazuje fikcyjne realizacje.&nbsp;<\/p>\n\n\n\n<h4 class=\"wp-block-heading has-accent-color has-text-color has-link-color wp-elements-9a6d2fc525463528bbf4eef3c48f21d9\">Czasem podaje fa\u0142szywe nazwisko na przyk\u0142ad Machalski, Malski, Halski, itp co utrudnia znalezienie go na Czarnych Listach Wykonawc\u00f3w.\u00a0<\/h4>\n\n\n\n<h4 class=\"wp-block-heading has-accent-color has-text-color has-link-color wp-elements-396e51572638d9a8660517dbee6d7775\">Zmienia adresy zamieszkania, numery telefon\u00f3w, adresy email, strony internetowe. Ostatnio grasuje na Oferteo pod firm\u0105 LINEA MEBLE oraz na Tinderze.&nbsp;<\/h4>\n\n\n\n<h2 class=\"wp-block-heading has-text-color\" style=\"color:#a2a2a2\">Szymon Michalski<br>ul. Krokusowa 15\/1, 61-052 Komorniki<\/h2>\n\n\n\n<p class=\"has-text-color\" style=\"color:#a2a2a2\">Oto kilka z adres\u00f3w e-mail, kt\u00f3rych u\u017cywa Pawe\u0142:<\/p>\n\n\n\n<p class=\"has-text-color\" style=\"color:#a2a2a2\">mytonaprawimy@gmail.com<\/p>\n\n\n\n<p class=\"has-text-color\" style=\"color:#a2a2a2\">pawelm7878@gmail.com<\/p>\n\n\n\n<p class=\"has-text-color\" style=\"color:#a2a2a2\">biuro@mytosprzedamy.pl<\/p>\n\n\n\n<p class=\"has-text-color\" style=\"color:#a2a2a2\">p.michalski1978@gmail.com<\/p>\n\n\n\n<p class=\"has-text-color\" style=\"color:#a2a2a2\">pawelgawel7878@gmail.com<\/p>\n\n\n\n<p class=\"has-text-color\" style=\"color:#a2a2a2\">kontakt@meblerp.pl<\/p>\n\n\n\n<p class=\"has-text-color\" style=\"color:#a2a2a2\">kontakt@puntomeble.pl<\/p>\n\n\n\n<p class=\"has-text-color\" style=\"color:#a2a2a2\">kontakt@puntostudio.pl<\/p>\n\n\n\n<p class=\"has-text-color\" style=\"color:#a2a2a2\">warszawa@puntomeble.pl<\/p>\n\n\n\n<p class=\"has-text-color\" style=\"color:#a2a2a2\">kontakt@q7studio.pl<\/p>\n\n\n\n<p class=\"has-text-color\" style=\"color:#a2a2a2\">kontakt@pracowniapieknychwnetrz.pl<\/p>\n\n\n\n<p class=\"has-text-color\" style=\"color:#a2a2a2\">szymon.michalski04@gmail.com<\/p>\n\n\n\n<p class=\"has-text-color\" style=\"color:#a2a2a2\">kontakt@pojemnaszafa.pl<\/p>\n\n\n\n<p class=\"has-text-color\" style=\"color:#a2a2a2\">kontakt@lineameble.pl<\/p>\n\n<\/div><\/div>\n\n\n\n<div class=\"wp-block-column is-layout-flow wp-block-column-is-layout-flow\"><div class=\"gb-container gb-container-469d7352\">\n<div class=\"gb-container gb-container-5848b1b8\">\n\n<figure class=\"wp-block-image size-large is-style-rounded\"><img loading=\"lazy\" decoding=\"async\" width=\"617\" height=\"1024\" src=\"https:\/\/pawel-michalski.com\/wp-content\/uploads\/2023\/08\/9f534cc9-cb2e-4f62-9660-e72abc2938be-617x1024.jpg\" alt=\"\" class=\"wp-image-5457\" srcset=\"https:\/\/pawel-michalski.com\/wp-content\/uploads\/2023\/08\/9f534cc9-cb2e-4f62-9660-e72abc2938be-617x1024.jpg 617w, https:\/\/pawel-michalski.com\/wp-content\/uploads\/2023\/08\/9f534cc9-cb2e-4f62-9660-e72abc2938be-181x300.jpg 181w, https:\/\/pawel-michalski.com\/wp-content\/uploads\/2023\/08\/9f534cc9-cb2e-4f62-9660-e72abc2938be.jpg 720w\" sizes=\"auto, (max-width: 617px) 100vw, 617px\" \/><\/figure>\n\n<\/div>\n<\/div>\n\n\n<figure class=\"wp-block-image size-full\"><img loading=\"lazy\" decoding=\"async\" width=\"462\" height=\"239\" src=\"https:\/\/pawel-michalski.com\/wp-content\/uploads\/2023\/11\/342363156_1211515649518943_965457285801421925_n.jpg\" alt=\"\" class=\"wp-image-5481\" srcset=\"https:\/\/pawel-michalski.com\/wp-content\/uploads\/2023\/11\/342363156_1211515649518943_965457285801421925_n.jpg 462w, https:\/\/pawel-michalski.com\/wp-content\/uploads\/2023\/11\/342363156_1211515649518943_965457285801421925_n-300x155.jpg 300w\" sizes=\"auto, (max-width: 462px) 100vw, 462px\" \/><\/figure>\n\n\n\n<hr class=\"wp-block-separator has-alpha-channel-opacity\"\/>\n\n\n\n<p class=\"has-base-color has-text-color has-link-color wp-elements-2539179f2d45a5a495b17e9968e13d26\">Wcze\u015bniej z\u0142o\u017cone by\u0142y przeciwko Michalskiemu zawiadomienia w:<\/p>\n\n\n\n<p class=\"has-base-color has-text-color has-link-color wp-elements-915bb76d81f01160fa171c7bb678952d\">\u2022 Prokuraturze Rejonowej Warszawa Ursyn\u00f3w w dniu 7 grudnia 2022 r.&nbsp;<\/p>\n\n\n\n<p class=\"has-base-color has-text-color has-link-color wp-elements-2481b1d1ede3a9c0d6aa26cceb41c7ae\">\u2022 Prokuraturze Rejonowej Praga P\u00f3\u0142noc nr 4322-5.Ds.965.2023.<\/p>\n\n\n\n<p class=\"has-base-color has-text-color has-link-color wp-elements-463a3be69e2377610f8c0631f61843dd\">\u2022 Michalskiego pr\u00f3bowa\u0142 odnale\u017a\u0107 komornik z Piaseczna (2 post\u0119powania), firmy windykacyjne D\u0142ugi Info SA, Subra GRP sp. z o.o. z B\u0119dzina i EOS Poland Warszawa, oraz wzywaj\u0105 s\u0105dy w Lublinie i Zielonej G\u00f3rze.<\/p>\n<\/div>\n<\/div>\n\n<\/div>\n<\/div>","protected":false},"excerpt":{"rendered":"<p>UWAGA OSZUST!!! Na zdj\u0119ciu jest Pawe\u0142 Michalski, kt\u00f3ry jest oszustem i z\u0142odziejem.&nbsp; Ostrzegam!!! Nie wierz w to co m\u00f3wi, nie dawaj mu zaliczek!!&nbsp; Michalski oszuka\u0142 mnie i wiele innych os\u00f3b. Link do posta na Facebook Obecnie spraw\u0119 przeciwko niemu prowadzi Prokuratura Rejonowa Warszawa Ursyn\u00f3w, Nowowiejska 26B, 02-010 Warszawa.&nbsp; Je\u015bli zosta\u0142e\u015b oszukany napisz na powy\u017cszy adres &#8230; <a title=\"Home\" class=\"read-more\" href=\"https:\/\/pawel-michalski.com\/\" aria-label=\"Read more about Home\">Read more<\/a><\/p>\n","protected":false},"author":1,"featured_media":0,"parent":0,"menu_order":0,"comment_status":"closed","ping_status":"closed","template":"","meta":{"footnotes":""},"class_list":{"0":"post-3575","1":"page","2":"type-page","3":"status-publish","5":"no-featured-image-padding"},"yoast_head":"<!-- This site is optimized with the Yoast SEO plugin v26.7 - https:\/\/yoast.com\/wordpress\/plugins\/seo\/ -->\n<title>Home - Pawel jest zlodziejem<\/title>\n<meta name=\"robots\" content=\"index, follow, max-snippet:-1, max-image-preview:large, max-video-preview:-1\" \/>\n<link rel=\"canonical\" href=\"https:\/\/pawel-michalski.com\/\" \/>\n<meta property=\"og:locale\" content=\"en_US\" \/>\n<meta property=\"og:type\" content=\"article\" \/>\n<meta property=\"og:title\" content=\"Home - Pawel jest zlodziejem\" \/>\n<meta property=\"og:description\" content=\"UWAGA OSZUST!!! Na zdj\u0119ciu jest Pawe\u0142 Michalski, kt\u00f3ry jest oszustem i z\u0142odziejem.&nbsp; Ostrzegam!!! Nie wierz w to co m\u00f3wi, nie dawaj mu zaliczek!!&nbsp; Michalski oszuka\u0142 mnie i wiele innych os\u00f3b. Link do posta na Facebook Obecnie spraw\u0119 przeciwko niemu prowadzi Prokuratura Rejonowa Warszawa Ursyn\u00f3w, Nowowiejska 26B, 02-010 Warszawa.&nbsp; Je\u015bli zosta\u0142e\u015b oszukany napisz na powy\u017cszy adres ... Read more\" \/>\n<meta property=\"og:url\" content=\"https:\/\/pawel-michalski.com\/\" \/>\n<meta property=\"og:site_name\" content=\"Pawel jest zlodziejem\" \/>\n<meta property=\"article:publisher\" content=\"https:\/\/www.facebook.com\/groups\/545742159338207\/permalink\/1341067943138954\/\" \/>\n<meta property=\"article:modified_time\" content=\"2024-02-01T07:54:10+00:00\" \/>\n<meta property=\"og:image\" content=\"https:\/\/pawel-michalski.com\/wp-content\/uploads\/2023\/08\/9f534cc9-cb2e-4f62-9660-e72abc2938be-617x1024.jpg\" \/>\n<meta name=\"twitter:card\" content=\"summary_large_image\" \/>\n<meta name=\"twitter:label1\" content=\"Est. reading time\" \/>\n\t<meta name=\"twitter:data1\" content=\"2 minutes\" \/>\n<script type=\"application\/ld+json\" class=\"yoast-schema-graph\">{\"@context\":\"https:\/\/schema.org\",\"@graph\":[{\"@type\":\"WebPage\",\"@id\":\"https:\/\/pawel-michalski.com\/\",\"url\":\"https:\/\/pawel-michalski.com\/\",\"name\":\"Home - Pawel jest zlodziejem\",\"isPartOf\":{\"@id\":\"https:\/\/pawel-michalski.com\/#website\"},\"primaryImageOfPage\":{\"@id\":\"https:\/\/pawel-michalski.com\/#primaryimage\"},\"image\":{\"@id\":\"https:\/\/pawel-michalski.com\/#primaryimage\"},\"thumbnailUrl\":\"https:\/\/pawel-michalski.com\/wp-content\/uploads\/2023\/08\/9f534cc9-cb2e-4f62-9660-e72abc2938be-617x1024.jpg\",\"datePublished\":\"2021-01-14T15:10:54+00:00\",\"dateModified\":\"2024-02-01T07:54:10+00:00\",\"breadcrumb\":{\"@id\":\"https:\/\/pawel-michalski.com\/#breadcrumb\"},\"inLanguage\":\"en-US\",\"potentialAction\":[{\"@type\":\"ReadAction\",\"target\":[\"https:\/\/pawel-michalski.com\/\"]}]},{\"@type\":\"ImageObject\",\"inLanguage\":\"en-US\",\"@id\":\"https:\/\/pawel-michalski.com\/#primaryimage\",\"url\":\"https:\/\/pawel-michalski.com\/wp-content\/uploads\/2023\/08\/9f534cc9-cb2e-4f62-9660-e72abc2938be.jpg\",\"contentUrl\":\"https:\/\/pawel-michalski.com\/wp-content\/uploads\/2023\/08\/9f534cc9-cb2e-4f62-9660-e72abc2938be.jpg\",\"width\":720,\"height\":1194},{\"@type\":\"BreadcrumbList\",\"@id\":\"https:\/\/pawel-michalski.com\/#breadcrumb\",\"itemListElement\":[{\"@type\":\"ListItem\",\"position\":1,\"name\":\"Home\",\"item\":\"https:\/\/pawel-michalski.com\/\"},{\"@type\":\"ListItem\",\"position\":2,\"name\":\"Home\"}]},{\"@type\":\"WebSite\",\"@id\":\"https:\/\/pawel-michalski.com\/#website\",\"url\":\"https:\/\/pawel-michalski.com\/\",\"name\":\"Pawel jest zlodziejem\",\"description\":\"\",\"publisher\":{\"@id\":\"https:\/\/pawel-michalski.com\/#organization\"},\"potentialAction\":[{\"@type\":\"SearchAction\",\"target\":{\"@type\":\"EntryPoint\",\"urlTemplate\":\"https:\/\/pawel-michalski.com\/?s={search_term_string}\"},\"query-input\":{\"@type\":\"PropertyValueSpecification\",\"valueRequired\":true,\"valueName\":\"search_term_string\"}}],\"inLanguage\":\"en-US\"},{\"@type\":\"Organization\",\"@id\":\"https:\/\/pawel-michalski.com\/#organization\",\"name\":\"Pawel jest zlodziejem\",\"url\":\"https:\/\/pawel-michalski.com\/\",\"logo\":{\"@type\":\"ImageObject\",\"inLanguage\":\"en-US\",\"@id\":\"https:\/\/pawel-michalski.com\/#\/schema\/logo\/image\/\",\"url\":\"https:\/\/pawel-michalski.com\/wp-content\/uploads\/2023\/08\/9f534cc9-cb2e-4f62-9660-e72abc2938be.jpg\",\"contentUrl\":\"https:\/\/pawel-michalski.com\/wp-content\/uploads\/2023\/08\/9f534cc9-cb2e-4f62-9660-e72abc2938be.jpg\",\"width\":720,\"height\":1194,\"caption\":\"Pawel jest zlodziejem\"},\"image\":{\"@id\":\"https:\/\/pawel-michalski.com\/#\/schema\/logo\/image\/\"},\"sameAs\":[\"https:\/\/www.facebook.com\/groups\/545742159338207\/permalink\/1341067943138954\/\"]}]}<\/script>\n<!-- \/ Yoast SEO plugin. -->","yoast_head_json":{"title":"Home - Pawel jest zlodziejem","robots":{"index":"index","follow":"follow","max-snippet":"max-snippet:-1","max-image-preview":"max-image-preview:large","max-video-preview":"max-video-preview:-1"},"canonical":"https:\/\/pawel-michalski.com\/","og_locale":"en_US","og_type":"article","og_title":"Home - Pawel jest zlodziejem","og_description":"UWAGA OSZUST!!! Na zdj\u0119ciu jest Pawe\u0142 Michalski, kt\u00f3ry jest oszustem i z\u0142odziejem.&nbsp; Ostrzegam!!! Nie wierz w to co m\u00f3wi, nie dawaj mu zaliczek!!&nbsp; Michalski oszuka\u0142 mnie i wiele innych os\u00f3b. Link do posta na Facebook Obecnie spraw\u0119 przeciwko niemu prowadzi Prokuratura Rejonowa Warszawa Ursyn\u00f3w, Nowowiejska 26B, 02-010 Warszawa.&nbsp; Je\u015bli zosta\u0142e\u015b oszukany napisz na powy\u017cszy adres ... Read more","og_url":"https:\/\/pawel-michalski.com\/","og_site_name":"Pawel jest zlodziejem","article_publisher":"https:\/\/www.facebook.com\/groups\/545742159338207\/permalink\/1341067943138954\/","article_modified_time":"2024-02-01T07:54:10+00:00","og_image":[{"url":"https:\/\/pawel-michalski.com\/wp-content\/uploads\/2023\/08\/9f534cc9-cb2e-4f62-9660-e72abc2938be-617x1024.jpg","type":"","width":"","height":""}],"twitter_card":"summary_large_image","twitter_misc":{"Est. reading time":"2 minutes"},"schema":{"@context":"https:\/\/schema.org","@graph":[{"@type":"WebPage","@id":"https:\/\/pawel-michalski.com\/","url":"https:\/\/pawel-michalski.com\/","name":"Home - Pawel jest zlodziejem","isPartOf":{"@id":"https:\/\/pawel-michalski.com\/#website"},"primaryImageOfPage":{"@id":"https:\/\/pawel-michalski.com\/#primaryimage"},"image":{"@id":"https:\/\/pawel-michalski.com\/#primaryimage"},"thumbnailUrl":"https:\/\/pawel-michalski.com\/wp-content\/uploads\/2023\/08\/9f534cc9-cb2e-4f62-9660-e72abc2938be-617x1024.jpg","datePublished":"2021-01-14T15:10:54+00:00","dateModified":"2024-02-01T07:54:10+00:00","breadcrumb":{"@id":"https:\/\/pawel-michalski.com\/#breadcrumb"},"inLanguage":"en-US","potentialAction":[{"@type":"ReadAction","target":["https:\/\/pawel-michalski.com\/"]}]},{"@type":"ImageObject","inLanguage":"en-US","@id":"https:\/\/pawel-michalski.com\/#primaryimage","url":"https:\/\/pawel-michalski.com\/wp-content\/uploads\/2023\/08\/9f534cc9-cb2e-4f62-9660-e72abc2938be.jpg","contentUrl":"https:\/\/pawel-michalski.com\/wp-content\/uploads\/2023\/08\/9f534cc9-cb2e-4f62-9660-e72abc2938be.jpg","width":720,"height":1194},{"@type":"BreadcrumbList","@id":"https:\/\/pawel-michalski.com\/#breadcrumb","itemListElement":[{"@type":"ListItem","position":1,"name":"Home","item":"https:\/\/pawel-michalski.com\/"},{"@type":"ListItem","position":2,"name":"Home"}]},{"@type":"WebSite","@id":"https:\/\/pawel-michalski.com\/#website","url":"https:\/\/pawel-michalski.com\/","name":"Pawel jest zlodziejem","description":"","publisher":{"@id":"https:\/\/pawel-michalski.com\/#organization"},"potentialAction":[{"@type":"SearchAction","target":{"@type":"EntryPoint","urlTemplate":"https:\/\/pawel-michalski.com\/?s={search_term_string}"},"query-input":{"@type":"PropertyValueSpecification","valueRequired":true,"valueName":"search_term_string"}}],"inLanguage":"en-US"},{"@type":"Organization","@id":"https:\/\/pawel-michalski.com\/#organization","name":"Pawel jest zlodziejem","url":"https:\/\/pawel-michalski.com\/","logo":{"@type":"ImageObject","inLanguage":"en-US","@id":"https:\/\/pawel-michalski.com\/#\/schema\/logo\/image\/","url":"https:\/\/pawel-michalski.com\/wp-content\/uploads\/2023\/08\/9f534cc9-cb2e-4f62-9660-e72abc2938be.jpg","contentUrl":"https:\/\/pawel-michalski.com\/wp-content\/uploads\/2023\/08\/9f534cc9-cb2e-4f62-9660-e72abc2938be.jpg","width":720,"height":1194,"caption":"Pawel jest zlodziejem"},"image":{"@id":"https:\/\/pawel-michalski.com\/#\/schema\/logo\/image\/"},"sameAs":["https:\/\/www.facebook.com\/groups\/545742159338207\/permalink\/1341067943138954\/"]}]}},"_links":{"self":[{"href":"https:\/\/pawel-michalski.com\/index.php\/wp-json\/wp\/v2\/pages\/3575","targetHints":{"allow":["GET"]}}],"collection":[{"href":"https:\/\/pawel-michalski.com\/index.php\/wp-json\/wp\/v2\/pages"}],"about":[{"href":"https:\/\/pawel-michalski.com\/index.php\/wp-json\/wp\/v2\/types\/page"}],"author":[{"embeddable":true,"href":"https:\/\/pawel-michalski.com\/index.php\/wp-json\/wp\/v2\/users\/1"}],"replies":[{"embeddable":true,"href":"https:\/\/pawel-michalski.com\/index.php\/wp-json\/wp\/v2\/comments?post=3575"}],"version-history":[{"count":19,"href":"https:\/\/pawel-michalski.com\/index.php\/wp-json\/wp\/v2\/pages\/3575\/revisions"}],"predecessor-version":[{"id":5500,"href":"https:\/\/pawel-michalski.com\/index.php\/wp-json\/wp\/v2\/pages\/3575\/revisions\/5500"}],"wp:attachment":[{"href":"https:\/\/pawel-michalski.com\/index.php\/wp-json\/wp\/v2\/media?parent=3575"}],"curies":[{"name":"wp","href":"https:\/\/api.w.org\/{rel}","templated":true}]}}